{"id":7799,"date":"2020-09-27T13:50:42","date_gmt":"2020-09-27T10:50:42","guid":{"rendered":"https:\/\/ceglaw.eu\/contacts\/"},"modified":"2025-05-21T16:26:36","modified_gmt":"2025-05-21T13:26:36","slug":"contacts","status":"publish","type":"page","link":"https:\/\/ceglaw.eu\/es\/contacts\/","title":{"rendered":"Contacts"},"content":{"rendered":"<p>\ud83c\udf0d\u00a0 Dzia\u0142amy w ca\u0142ej Unii Europejskiej<\/p>\n<p>Nasz zesp\u00f3\u0142 jest mobilny i realizuje prace z wykorzystaniem starej ceg\u0142y w dowolnym kraju Unii Europejskiej. Zapewniamy transport materia\u0142\u00f3w, narz\u0119dzi i do\u015bwiadczenia bezpo\u015brednio na miejsce inwestycji \u2014 elewacje, wn\u0119trza, renowacje, uk\u0142adanie p\u0142ytek. Dzia\u0142amy legalnie, zgodnie z normami UE. Wybierz sprawdzonego wykonawc\u0119 od starej ceg\u0142y \u2014 bez wzgl\u0119du na lokalizacj\u0119.<\/p>\n","protected":false},"excerpt":{"rendered":"<p>\ud83c\udf0d\u00a0 Dzia\u0142amy w ca\u0142ej Unii Europejskiej Nasz zesp\u00f3\u0142 jest mobilny&#8230;<\/p>\n","protected":false},"author":1,"featured_media":0,"parent":0,"menu_order":0,"comment_status":"closed","ping_status":"closed","template":"page-contacts.php","meta":{"footnotes":""},"class_list":["post-7799","page","type-page","status-publish","hentry"],"_links":{"self":[{"href":"https:\/\/ceglaw.eu\/es\/wp-json\/wp\/v2\/pages\/7799","targetHints":{"allow":["GET"]}}],"collection":[{"href":"https:\/\/ceglaw.eu\/es\/wp-json\/wp\/v2\/pages"}],"about":[{"href":"https:\/\/ceglaw.eu\/es\/wp-json\/wp\/v2\/types\/page"}],"author":[{"embeddable":true,"href":"https:\/\/ceglaw.eu\/es\/wp-json\/wp\/v2\/users\/1"}],"replies":[{"embeddable":true,"href":"https:\/\/ceglaw.eu\/es\/wp-json\/wp\/v2\/comments?post=7799"}],"version-history":[{"count":1,"href":"https:\/\/ceglaw.eu\/es\/wp-json\/wp\/v2\/pages\/7799\/revisions"}],"predecessor-version":[{"id":7802,"href":"https:\/\/ceglaw.eu\/es\/wp-json\/wp\/v2\/pages\/7799\/revisions\/7802"}],"wp:attachment":[{"href":"https:\/\/ceglaw.eu\/es\/wp-json\/wp\/v2\/media?parent=7799"}],"curies":[{"name":"wp","href":"https:\/\/api.w.org\/{rel}","templated":true}]}}